{"id":186,"date":"2018-05-19T09:59:12","date_gmt":"2018-05-19T07:59:12","guid":{"rendered":"http:\/\/das-esszimmer.de\/?page_id=186"},"modified":"2018-11-17T10:07:00","modified_gmt":"2018-11-17T08:07:00","slug":"datenschutz","status":"publish","type":"page","link":"https:\/\/das-esszimmer.de\/?page_id=186","title":{"rendered":"Datenschutz"},"content":{"rendered":"<p><strong>Datenschutzinformation zu unserer Webseite<\/strong><\/p>\n<p>Wir freuen uns \u00fcber Ihren Besuch auf dieser Webseite. Datenschutz und Datensicherheit f\u00fcr unsere Kunden und Nutzer haben bei uns eine hohe Priorit\u00e4t. Wir beachten die datenschutzrechtlichen Vorschriften, insbesondere der EU Datenschutz-Grundverordnung (&#8222;DSGVO&#8220;) und des Bundesdatenschutzgesetzes (&#8222;BDSG&#8220;).<\/p>\n<p>In dieser Datenschutzinformation erl\u00e4utern wir Ihnen, welche Informationen (einschlie\u00dflich personenbezogener Daten) w\u00e4hrend Ihres Besuchs und Ihrer Nutzung unseres vorgenannten Internetangebots (\u201eWebseite\u201c) von uns verarbeitet werden.<\/p>\n<p>Webseite www.das-esszimmer.de<\/p>\n<p><strong>Wer ist f\u00fcr die Datenverarbeitung verantwortlich?<\/strong><\/p>\n<p>Datenschutzrechtlich Verantwortlicher f\u00fcr die Verarbeitung personenbezogener Daten ist Anke R\u00fcsse,\u00a0Gewerbepark 5b,\u00a049143 Bissendorf, <a href=\"mailto:info@das-esszimmer-bissendorf.de\">info@das-esszimmer-bissendorf.de<\/a>. Soweit in dieser Datenschutzinformation von &#8222;wir&#8220; oder &#8222;uns&#8220; die Rede ist, bezieht sich dies jeweils auf die vorgenannte Person.<\/p>\n<p>Unser Datenschutzbeauftragter ist \u00fcber die vorgenannten Kontaktwege sowie unter <a href=\"mailto:info@das-esszimmer-bissendorf.de\">info@das-esszimmer-bissendorf.de<\/a>\u00a0erreichbar.<\/p>\n<p><strong>Welche Grunds\u00e4tze beachten wir?<\/strong><\/p>\n<p>Unter Beachtung der datenschutzrechtlichen Vorschriften verarbeiten wir Ihre personenbezogenen Daten nur, wenn uns eine gesetzliche Vorschrift dies erlaubt oder wenn Sie Ihre Einwilligung erkl\u00e4rt haben. Dies gilt auch bei der Verarbeitung personenbezogener Daten zu Werbe- und Marketingzwecken.<\/p>\n<p>Auf dieser Webseite k\u00f6nnen wir auch Informationen erfassen, die uns f\u00fcr sich genommen keine direkten R\u00fcckschl\u00fcsse auf Ihre Person erlauben. In bestimmten F\u00e4llen \u2013 insbesondere bei Kombination mit anderen Daten \u2013 k\u00f6nnen diese Informationen gleichwohl als \u201epersonenbezogene Daten\u201c im datenschutzrechtlichen Sinne gelten. Ferner k\u00f6nnen wir auf dieser Website auch solche Informationen erfassen, aufgrund derer wir Sie weder unmittelbar noch mittelbar identifizieren k\u00f6nnen; dies ist z.B. bei zusammengefassten Informationen \u00fcber alle Nutzer dieser Website der Fall.<\/p>\n<p><strong>Welche Daten verarbeiten wir?<\/strong><\/p>\n<p>Sie k\u00f6nnen auf unsere Webseite zugreifen, ohne direkt personenbezogene Daten (wie etwa Ihren Namen, Ihre Postanschrift oder Ihre E-Mail-Adresse) anzugeben. Auch in diesem Fall m\u00fcssen wir bestimmte Informationen erheben und speichern, um Ihnen den Zugriff auf unsere Website zu erm\u00f6glichen. Dar\u00fcber hinaus setzen wir auf dieser Website bestimmte Analyseverfahren ein und haben Funktionalit\u00e4ten von Drittanbietern (\u201eSocial Plugins\u201c) integriert.<\/p>\n<p><strong>Logfiles:<\/strong><\/p>\n<p>Wenn Sie diese Webseite besuchen, speichert unser Webserver automatisch den Domain-Namen bzw. die IP-Adresse des anfragenden Rechners (in der Regel Ihres Internet-Zugangsanbieters) einschlie\u00dflich des Datums, der Uhrzeit und der Dauer Ihres Besuches, die Unterseiten\/URLs, die Sie besuchen sowie Informationen \u00fcber die\/den von Ihnen zur Ansicht unserer Seiten eingesetzte\/-n Anwendungen und Endger\u00e4te.<\/p>\n<p>&nbsp;<\/p>\n<p><strong>Kontaktformular \/ Kontaktaufnahme:<\/strong><\/p>\n<p>Sie k\u00f6nnen \u00fcber unser Online-Kontaktformular, per E-Mail oder telefonisch Kontakt zu uns aufnehmen. Bei der Kontaktaufnahme mit uns werden Ihre Angaben zur Bearbeitung der Kontaktanfrage und deren Abwicklung verarbeitet. Die Rechtsgrundlage f\u00fcr die Verarbeitung Ihrer Daten ist Art. 6 Abs. 1 S. 1 Buchst. b EU-DSGVO.<\/p>\n<p>Ihre Angaben k\u00f6nnen in unserem Customer-Relationship-System (\u201eCRM System\u201c) oder vergleichbarer Anfragenorganisation gespeichert werden.<\/p>\n<p>Ihre Daten werden gel\u00f6scht, sobald Ihre Anfrage beantwortet worden ist. Dies gilt nicht, sofern (i) eine l\u00e4ngere Speicherdauer im Rahmen Ihrer Anfrage oder aufgrund eines anderen Service-Verh\u00e4ltnisses mit uns erforderlich ist, (ii) zwingende schutzw\u00fcrdige Gr\u00fcnde f\u00fcr die l\u00e4ngere Speicherung bestehen oder (iii) gesetzliche Aufbewahrungspflichten eine l\u00e4ngere Speicherung erfordern.<\/p>\n<p>Konkret betroffene Daten:<\/p>\n<p>Die Verarbeitung Ihrer personenbezogenen Daten im Rahmen der Kontaktaufnahme bezieht sich auf die unten aufgef\u00fchrten personenbezogenen Daten, die auf Grundlage und im Zusammenhang mit Ihrer Kontaktaufnahme auf der das esszimmer-Webseite erhoben werden, das hei\u00dft auf:<\/p>\n<p>Herr\/Frau<br \/>\nVorname<br \/>\nName<br \/>\nTelefon<br \/>\nE-Mailadresse,<br \/>\nSonstige von Ihnen zur Verf\u00fcgung gestellten Informationen.<\/p>\n<p>&nbsp;<\/p>\n<p><strong>Cookies:<\/strong><\/p>\n<p>Um unser Angebot so nutzerfreundlich wie m\u00f6glich zu gestalten, verwenden wir \u2013 wie viele namhafte Unternehmen \u2013 sogenannte Cookies. Cookies sind kleine Textdateien, die in dem von Ihnen verwendeten Internetbrowser gespeichert werden. Diese Dateien helfen uns dabei, bestimmte Pr\u00e4ferenzen unserer Besucher beim Surfen zu erkennen und unsere Seite entsprechend zu gestalten. Die meisten der von uns verwendeten Cookies sind so genannte Session-Cookies. Sie werden nach Ende Ihres Besuchs automatisch gel\u00f6scht. Wir setzen aber auch permanente Cookies ein. Diese dienen dazu, die Benutzerf\u00fchrung zu verbessern. Unsere Cookies erheben keine personenbezogenen Daten und sind nicht dazu geeignet, Sie auf Webseiten Dritter zu identifizieren. Sie k\u00f6nnen Ihren Browser so einstellen, dass er Sie \u00fcber die Platzierung von Cookies informiert. Auf diese Weise wird der Gebrauch von Cookies f\u00fcr Sie transparent. Sie k\u00f6nnen auch \u00fcber Ihre Browsereinstellungen die Annahme von Cookies prinzipiell verweigern. Allerdings kann dies unter Umst\u00e4nden dazu f\u00fchren, dass sie nicht s\u00e4mtliche Funktionen der Webseite nutzen k\u00f6nnen.<\/p>\n<p><strong>Webseitenanalyse \u00fcber Google Analytics:<\/strong><\/p>\n<p>Wir setzen auf unserer Webseite zudem Google Analytics, einen Webanalysedienst der Google Inc., 1600 Amphitheatre Parkway, Mountain View, CA 94043, USA (\u201eGoogle\u201c) ein, um unsere Website kontinuierlich zu verbessern. Google Analytics verwendet ebenfalls Cookies, die auf Ihrem Computer gespeichert werden, und die Analyse der Benutzung der Website erm\u00f6glichen. Die durch den Cookie erzeugten Informationen \u00fcber Benutzung dieser Website durch Sie werden in der Regel an einen Server von Google in Europa (bzw. in einem Mitgliedstaat des Abkommens des Europ\u00e4ischen Wirtschaftsraums) zur Anonymisierung der IP-Adresse gesendet, so dass eine Personenbeziehbarkeit ausgeschlossen ist. Erst nach der Anonymisierung der IP-Adresse wird die gek\u00fcrzte IP-Adresse an einen Server von Google in den USA \u00fcbermittelt und dort gespeichert. Nur in Ausnahmef\u00e4llen wird die volle IP-Adresse an einen Server von Google in den USA \u00fcbertragen und dort gek\u00fcrzt. Auf dieser Webseite wird Google Analytics mit einer Erweiterung zur anonymisierten Erfassung von IP-Adressen (sog. IP-Masking) eingesetzt. In unserem Auftrag wird Google die gesammelten Informationen benutzen, um Ihre Nutzung der Webseite auszuwerten, um Reports \u00fcber die Webseitenaktivit\u00e4ten zusammenzustellen und um weitere mit der Webseitennutzung verbundene Dienstleistungen gegen\u00fcber uns zu erbringen. Die im Rahmen von Google Analytics von Ihrem Browser \u00fcbermittelte IP-Adresse wird nicht mit anderen Daten von Google zusammengef\u00fchrt. Sie k\u00f6nnen die Speicherung der Cookies durch eine entsprechende Einstellung Ihrer Browser-Software verhindern. Wir weisen Sie jedoch darauf hin, dass Sie in diesem Fall gegebenenfalls nicht s\u00e4mtliche Funktionen dieser Website vollumf\u00e4nglich werden nutzen k\u00f6nnen. Sie k\u00f6nnen dar\u00fcber hinaus die Erfassung der durch das Cookie erzeugten und auf ihre Nutzung der Webseite bezogenen Daten (einschlie\u00dflich Ihrer IP-Adresse) an Google sowie die Verarbeitung dieser Daten durch Google verhindern, indem Sie das unter dem folgenden Link verf\u00fcgbare Browser-Plugin herunterladen und installieren: <a href=\"http:\/\/tools.google.com\/dlpage\/gaoptout?hl=de\" target=\"_blank\">http:\/\/tools.google.com\/dlpage\/gaoptout?hl=de<\/a>.<\/p>\n<p>Weitere Informationen zum Datenschutz bei Google Analytics finden Sie unter\u00a0<a href=\"http:\/\/www.google.com\/analytics\/terms\/de.html\" target=\"_blank\">http:\/\/www.google.com\/analytics\/terms\/de.html<\/a> und unter\u00a0<a href=\"http:\/\/www.google.com\/intl\/de\/analytics\/privacyoverview.html\" target=\"_blank\">http:\/\/www.google.com\/intl\/de\/analytics\/privacyoverview.html<\/a>.<\/p>\n<p>\u00dcber unser Kontaktformular bieten wir Ihnen unterschiedliche Informations- und Beratungsm\u00f6glichkeiten an. Abh\u00e4ngig von der bzw. den von Ihnen gew\u00fcnschten M\u00f6glich-eiten verarbeiten wir unterschiedliche personenbezogene Daten:<\/p>\n<ol>\n<li><strong>Informationsmaterial<\/strong><\/li>\n<\/ol>\n<p>Wenn Sie um Zusendung von Informationsmaterial gebeten haben, verarbeiten wir die von Ihnen im Kontaktformular angegebenen Daten, mindestens Ihren Namen und Vornamen sowie die Angaben zu dem von Ihnen ausgew\u00e4hlten Kontaktweg (Post und\/oder E-Mail) zur einmaligen Versendung des von Ihnen gew\u00fcnschten Materials.<\/p>\n<ol start=\"2\">\n<li><strong>Telefonische Beratung<\/strong><\/li>\n<\/ol>\n<p>Wenn Sie um eine telefonische Beratung gebeten haben, verarbeiten wir die von Ihnen im Kontaktformular angegebenen Daten, mindestens Ihren Namen und Vornamen sowie Ihre Telefonnummer zur Durchf\u00fchrung der gew\u00fcnschten telefonischen Beratung.<\/p>\n<ol start=\"3\">\n<li><strong>Pers\u00f6nliche Beratung<\/strong><\/li>\n<\/ol>\n<p>Wenn Sie um eine pers\u00f6nliche Beratung gebeten haben, verarbeiten wir die von Ihnen im Kontaktformular angegebenen Daten, mindestens Ihren Namen und Vornamen sowie Ihre Telefonnummer und\/oder E-Mail-Adresse, um Sie zur Vereinbarung des pers\u00f6nlichen Beratungstermins zu kontaktieren.<\/p>\n<p>Kontaktaufnahme: Sofern Sie \u00fcber einen der auf unserer Webseite angegebenen Wege mit uns Kontakt aufnehmen, verarbeiten wir die in Ihrer Nachricht ggf. enthaltenen und von Ihnen mitgeteilten personenbezogenen Daten, um ihre Anfrage zu bearbeiten und zu beantworten.<\/p>\n<p>Die Verarbeitung der Daten zur Bearbeitung einer Anfrage \u00fcber einen der auf unserer Webseite angegebenen Wege erfolgt jedenfalls zur Wahrung unseres berechtigten Interesses an der Aufnahme und Aufrechterhaltung gesch\u00e4ftlicher Kontakte auf Grundlage von Artikel 6 Absatz 1 f) DSGVO. Sofern sich Ihre Anfrage auf den Abschluss eines Vertrages oder vorvertragliche Ma\u00dfnahmen bezieht, verarbeiten wird ihre personenbezogenen Daten auf Grundlage von Artikel 6 Absatz 1 b) DSGVO.<\/p>\n<p><strong>Wer erh\u00e4lt meine Daten?<\/strong><\/p>\n<p>Ihre personenbezogenen Daten werden grunds\u00e4tzlich innerhalb unseres Unternehmens verarbeitet. Abh\u00e4ngig von der Art der personenbezogenen Daten haben nur bestimmte Abteilungen \/ Organisationseinheiten Zugriff auf Ihre personenbezogenen Daten. Hierzu geh\u00f6ren insbesondere die mit der Bereitstellung unserer digitalen Angebote (z.B. Webseiten) befassten Fachabteilungen und unsere IT-Abteilung. Durch ein Rollen- und Berechtigungskonzept ist der Zugriff innerhalb unseres Unternehmens auf diejenigen Funktionen und denjenigen Umfang beschr\u00e4nkt, der f\u00fcr den jeweiligen Zweck der Verarbeitung erforderlich ist.<\/p>\n<p>Wir k\u00f6nnen Ihre personenbezogenen Daten im rechtlich zul\u00e4ssigen Umfang auch an Dritte au\u00dferhalb unseres Unternehmens \u00fcbermitteln. Zu diesen externen Empf\u00e4ngern k\u00f6nnen insbesondere z\u00e4hlen verbundene Unternehmen wie Lieferanten, Vertriebs- oder Logistikpartner, an die wir personenbezogene Daten f\u00fcr interne Verwaltungszwecke \u00fcbermitteln;<\/p>\n<p>die von uns eingeschalteten Dienstleister, die f\u00fcr uns auf gesonderter vertraglicher Grundlage Leistungen erbringen, die auch die Verarbeitung personenbezogener Daten umfassen k\u00f6nnen, sowie die mit unserer Zustimmung eingeschalteten Subunternehmer unserer Dienstleister; nicht-\u00f6ffentliche und \u00f6ffentliche Stellen, soweit wir aufgrund von rechtlichen Verpflichtungen zur \u00dcbermittlung Ihrer personenbezogenen Daten verpflichtet sind.<\/p>\n<p><strong>Wird eine automatisierte Entscheidungsfindung eingesetzt?<\/strong><\/p>\n<p>Im Zusammenhang mit dem Betrieb unserer Webseite nutzen wir grunds\u00e4tzlich keine automatisierte Entscheidungsfindung (einschlie\u00dflich Profiling) im Sinne von Artikel 22 DSGVO. Sofern wir derartige Verfahren in Einzelf\u00e4llen einsetzen, werden wir Sie hier\u00fcber im rechtlich vorgesehenen Umfang gesondert informieren.<\/p>\n<p><strong>Werden Daten in L\u00e4nder au\u00dferhalb der EU \/ des EWR \u00fcbermittelt?<\/strong><\/p>\n<p>Die Verarbeitung Ihrer personenbezogenen Daten erfolgt grunds\u00e4tzlich innerhalb der EU bzw. des Europ\u00e4ischen Wirtschaftsraums.<\/p>\n<p>Lediglich im Zusammenhang mit der Einschaltung von Dienstleistern zur Erbringung von Webanalysediensten kann es zu einer \u00dcbermittlung von Informationen an Empf\u00e4nger in sog. &#8222;Drittl\u00e4ndern&#8220; kommen. &#8222;Drittl\u00e4nder&#8220; sind L\u00e4nder au\u00dferhalb der Europ\u00e4ischen Union oder des Abkommens \u00fcber den Europ\u00e4ischen Wirtschaftsraum, in denen ohne weiteres nicht von einem Datenschutzniveau ausgegangen werden kann, das dem in der Europ\u00e4ischen Union vergleichbar ist.<\/p>\n<p>Sofern die \u00fcbermittelten Informationen auch personenbezogene Daten umfassen, stellen wir vor einer solchen \u00dcbermittlung sicher, dass in dem jeweiligen Drittland oder bei dem Empf\u00e4nger in dem Drittland das erforderliche angemessene Datenschutzniveau gew\u00e4hrleistet ist. Dies kann sich insbesondere aus einem sog. &#8222;Angemessenheitsbeschluss&#8220; der Europ\u00e4ischen Kommission ergeben, mit der ein angemessenes Datenschutzniveau f\u00fcr ein bestimmtes Drittland insgesamt festgestellt wird. Alternativ k\u00f6nnen wir die Daten\u00fcbermittlung auch auf die mit einem Empf\u00e4nger vereinbarten sog. &#8222;EU Standardvertragsklauseln&#8220; oder \u2013 im Falle von Empf\u00e4ngern in den USA \u2013 auf die Einhaltung der Prinzipien des sog. &#8222;EU-US Privacy Shield&#8220; st\u00fctzen. Weitere Informationen zu den geeigneten und angemessenen Garantien zur Einhaltung eines angemessenen Datenschutzniveaus stellen wir Ihnen auf Anfrage gerne zur Verf\u00fcgung; die Kontaktdaten finden Sie am Anfang dieser Datenschutzinformation. Informationen zu den Teilnehmern des EU-US Privacy Shield finden Sie zudem hier www.privacyshield.gov\/list.<\/p>\n<p><strong>Wie lange werden meine Daten gespeichert?<\/strong><\/p>\n<p>Wir speichern Ihre personenbezogenen Daten grunds\u00e4tzlich, solange wir an dieser Speicherung ein berechtigtes Interesse haben und Ihre Interessen an der Nichtfortf\u00fchrung der Speicherung nicht \u00fcberwiegen.<\/p>\n<p>Auch ohne ein berechtigtes Interesse k\u00f6nnen wir die Daten weiterhin speichern, wenn wir hierzu gesetzlich (etwa zur Erf\u00fcllung von Aufbewahrungspflichten) verpflichtet sind. Wir l\u00f6schen Ihre personenbezogenen Daten auch ohne Ihr Zutun, sobald deren Kenntnis zur Erf\u00fcllung des Zweckes der Verarbeitung nicht mehr notwendig ist oder die Speicherung sonst rechtlich unzul\u00e4ssig ist.<\/p>\n<p><strong>In der Regel werden<\/strong><\/p>\n<p>die Logdaten innerhalb von sieben Tagen gel\u00f6scht, sofern eine weitere Speicherung nicht f\u00fcr gesetzlich vorgesehene Zwecke wie etwa die Aufdeckung von Missbrauch und die Erkennung und Beseitigung technischer St\u00f6rungen erforderlich ist; die im Zusammenhang mit einer Bestellung verarbeiteten Daten sp\u00e4testens nach Ablauf der gesetzlichen Aufbewahrungsfristen gel\u00f6scht; und die im Zusammenhang mit einer Registrierung als Nutzer oder einem Kundenkonto verarbeiteten Daten nach Beendigung der Registrierung oder mit dem L\u00f6schen des Kundenkontos gel\u00f6scht.<\/p>\n<p>Diejenigen personenbezogenen Daten, die wir zur Erf\u00fcllung von Aufbewahrungspflichten speichern m\u00fcssen, werden bis zum Ende der jeweiligen Aufbewahrungspflicht gespeichert. Soweit wir personenbezogene Daten ausschlie\u00dflich zur Erf\u00fcllung von Aufbewahrungspflichten speichern, werden diese in der Regel gesperrt, so dass nur dann darauf zugegriffen werden kann, wenn die im Hinblick auf den Zweck der Aufbewahrungspflicht erforderlich ist.<\/p>\n<p><strong>Welche Rechte habe ich?<\/strong><\/p>\n<p>Sie haben als betroffene Person das Recht<\/p>\n<ul>\n<li>auf Auskunft zu den \u00fcber Sie gespeicherten personenbezogenen Daten, Artikel 15 DSGVO;<\/li>\n<li>auf Berichtigung unrichtiger oder unvollst\u00e4ndiger Daten, Artikel 16 DSGVO;<\/li>\n<li>auf L\u00f6schung personenbezogener Daten, Artikel 17 DSGVO;<\/li>\n<li>auf Einschr\u00e4nkung der Verarbeitung, Artikel 18 DSGVO;<\/li>\n<li>auf Daten\u00fcbertragbarkeit, Artikel 20 DSGVO, und<\/li>\n<li>auf Widerspruch gegen die Verarbeitung der Sie betreffenden personenbezogenen Daten, Artikel 21 DSGVO.<\/li>\n<\/ul>\n<p>Zur Aus\u00fcbung dieser Rechte k\u00f6nnen Sie sich jederzeit \u2013 z.B. \u00fcber einen der am Anfang dieser Datenschutzinformation angegebenen Kontaktwege \u2013 an uns wenden.<\/p>\n<p>Bei Fragen zur Verarbeitung Ihrer Daten k\u00f6nnen Sie auch an unseren Datenschutzbeauftragten wenden.<\/p>\n<p>Sie sind zudem berechtigt, eine Beschwerde bei einer zust\u00e4ndigen Aufsichtsbeh\u00f6rde f\u00fcr den Datenschutz einzulegen, Artikel 77 DSGVO.<\/p>\n","protected":false},"excerpt":{"rendered":"<p>Datenschutzinformation zu unserer Webseite Wir freuen uns \u00fcber Ihren Besuch auf dieser Webseite. Datenschutz und Datensicherheit f\u00fcr unsere Kunden und Nutzer haben bei uns eine hohe Priorit\u00e4t. Wir beachten die datenschutzrechtlichen Vorschriften, insbesondere der EU Datenschutz-Grundverordnung (&#8222;DSGVO&#8220;) und des Bundesdatenschutzgesetzes (&#8222;BDSG&#8220;). In dieser Datenschutzinformation erl\u00e4utern&hellip; <a class=\"read-more\" href=\"https:\/\/das-esszimmer.de\/?page_id=186\">Weiterlesen<\/a><\/p>\n","protected":false},"author":1,"featured_media":0,"parent":0,"menu_order":0,"comment_status":"closed","ping_status":"closed","template":"","meta":{"footnotes":""},"class_list":["post-186","page","type-page","status-publish","hentry"],"_links":{"self":[{"href":"https:\/\/das-esszimmer.de\/index.php?rest_route=\/wp\/v2\/pages\/186","targetHints":{"allow":["GET"]}}],"collection":[{"href":"https:\/\/das-esszimmer.de\/index.php?rest_route=\/wp\/v2\/pages"}],"about":[{"href":"https:\/\/das-esszimmer.de\/index.php?rest_route=\/wp\/v2\/types\/page"}],"author":[{"embeddable":true,"href":"https:\/\/das-esszimmer.de\/index.php?rest_route=\/wp\/v2\/users\/1"}],"replies":[{"embeddable":true,"href":"https:\/\/das-esszimmer.de\/index.php?rest_route=%2Fwp%2Fv2%2Fcomments&post=186"}],"version-history":[{"count":4,"href":"https:\/\/das-esszimmer.de\/index.php?rest_route=\/wp\/v2\/pages\/186\/revisions"}],"predecessor-version":[{"id":208,"href":"https:\/\/das-esszimmer.de\/index.php?rest_route=\/wp\/v2\/pages\/186\/revisions\/208"}],"wp:attachment":[{"href":"https:\/\/das-esszimmer.de\/index.php?rest_route=%2Fwp%2Fv2%2Fmedia&parent=186"}],"curies":[{"name":"wp","href":"https:\/\/api.w.org\/{rel}","templated":true}]}}